{"id":5235,"date":"2025-07-11T03:39:36","date_gmt":"2025-07-11T03:39:36","guid":{"rendered":"https:\/\/aed.wrc.mybluehost.me\/website_09cec333\/?page_id=5235"},"modified":"2025-08-18T02:19:05","modified_gmt":"2025-08-18T02:19:05","slug":"blog","status":"publish","type":"page","link":"https:\/\/rxdrillrig.com\/es\/blog\/","title":{"rendered":"Blog"},"content":{"rendered":"<div data-elementor-type=\"wp-page\" data-elementor-id=\"5235\" class=\"elementor elementor-5235\" data-elementor-post-type=\"page\">\n\t\t\t\t<div class=\"elementor-element elementor-element-6e3e911 e-flex e-con-boxed e-con e-parent\" data-id=\"6e3e911\" data-element_type=\"container\" data-e-type=\"container\" data-settings=\"{&quot;background_background&quot;:&quot;gradient&quot;}\">\n\t\t\t\t\t<div class=\"e-con-inner\">\n\t\t\t\t<div class=\"elementor-element elementor-element-bbc282b elementor-widget elementor-widget-heading\" data-id=\"bbc282b\" data-element_type=\"widget\" data-e-type=\"widget\" data-widget_type=\"heading.default\">\n\t\t\t\t<div class=\"elementor-widget-container\">\n\t\t\t\t\t<h2 class=\"elementor-heading-title elementor-size-default\">Blog<\/h2>\t\t\t\t<\/div>\n\t\t\t\t<\/div>\n\t\t\t\t\t<\/div>\n\t\t\t\t<\/div>\n\t\t<div class=\"elementor-element elementor-element-c5b3c3d e-flex e-con-boxed e-con e-parent\" data-id=\"c5b3c3d\" data-element_type=\"container\" data-e-type=\"container\">\n\t\t\t\t\t<div class=\"e-con-inner\">\n\t\t\t\t\t<\/div>\n\t\t\t\t<\/div>\n\t\t<div class=\"elementor-element elementor-element-2fa7e64 e-flex e-con-boxed e-con e-parent\" data-id=\"2fa7e64\" data-element_type=\"container\" data-e-type=\"container\">\n\t\t\t\t\t<div class=\"e-con-inner\">\n\t\t\t\t<div class=\"elementor-element elementor-element-5b61164 elementor-grid-3 elementor-grid-tablet-2 elementor-grid-mobile-1 elementor-posts--thumbnail-top elementor-widget elementor-widget-posts\" data-id=\"5b61164\" data-element_type=\"widget\" data-e-type=\"widget\" data-settings=\"{&quot;pagination_type&quot;:&quot;numbers_and_prev_next&quot;,&quot;classic_columns&quot;:&quot;3&quot;,&quot;classic_columns_tablet&quot;:&quot;2&quot;,&quot;classic_columns_mobile&quot;:&quot;1&quot;,&quot;classic_row_gap&quot;:{&quot;unit&quot;:&quot;px&quot;,&quot;size&quot;:35,&quot;sizes&quot;:[]},&quot;classic_row_gap_tablet&quot;:{&quot;unit&quot;:&quot;px&quot;,&quot;size&quot;:&quot;&quot;,&quot;sizes&quot;:[]},&quot;classic_row_gap_mobile&quot;:{&quot;unit&quot;:&quot;px&quot;,&quot;size&quot;:&quot;&quot;,&quot;sizes&quot;:[]}}\" data-widget_type=\"posts.classic\">\n\t\t\t\t<div class=\"elementor-widget-container\">\n\t\t\t\t\t\t\t<div class=\"elementor-posts-container elementor-posts elementor-posts--skin-classic elementor-grid\" role=\"list\">\n\t\t\t\t<article class=\"elementor-post elementor-grid-item post-14438 post type-post status-publish format-standard has-post-thumbnail hentry category-blog tag-coredrillrig tag-drillcostperformance tag-drillpowerselection tag-miningequipment\" role=\"listitem\">\n\t\t\t\t<a class=\"elementor-post__thumbnail__link\" href=\"https:\/\/rxdrillrig.com\/es\/blog\/core-drill-rig-power-selection-electric-or-diesel\/\" tabindex=\"-1\" >\n\t\t\t<div class=\"elementor-post__thumbnail\"><img loading=\"lazy\" decoding=\"async\" width=\"1707\" height=\"1280\" src=\"https:\/\/i0.wp.com\/rxdrillrig.com\/wp-content\/uploads\/2026\/04\/%E5%B2%A9%E8%8A%AF%E9%92%BB%E6%9C%BAAI%E6%96%B0%E9%97%BB%E5%9B%BE.png?fit=1707%2C1280&amp;ssl=1\" class=\"attachment-full size-full wp-image-14439\" alt=\"\" \/><\/div>\n\t\t<\/a>\n\t\t\t\t<div class=\"elementor-post__text\">\n\t\t\t\t<h3 class=\"elementor-post__title\">\n\t\t\t<a href=\"https:\/\/rxdrillrig.com\/es\/blog\/core-drill-rig-power-selection-electric-or-diesel\/\" >\n\t\t\t\tSelecci\u00f3n de la potencia de la perforadora: \u00bfEl\u00e9ctrica o diesel?\t\t\t<\/a>\n\t\t<\/h3>\n\t\t\n\t\t<a class=\"elementor-post__read-more\" href=\"https:\/\/rxdrillrig.com\/es\/blog\/core-drill-rig-power-selection-electric-or-diesel\/\" aria-label=\"Read more about Core Drill Rig Power Selection: Electric or Diesel?\" tabindex=\"-1\" >\n\t\t\tLeer M\u00e1s \"\t\t<\/a>\n\n\t\t\t\t<\/div>\n\t\t\t\t<\/article>\n\t\t\t\t<article class=\"elementor-post elementor-grid-item post-14407 post type-post status-publish format-standard has-post-thumbnail hentry category-blog tag-core-drilling-rig tag-drilling-rig tag-miningdrilling\" role=\"listitem\">\n\t\t\t\t<a class=\"elementor-post__thumbnail__link\" href=\"https:\/\/rxdrillrig.com\/es\/blog\/core-protective-measures-for-core-drilling-rig-in-severe-weather\/\" tabindex=\"-1\" >\n\t\t\t<div class=\"elementor-post__thumbnail\"><img loading=\"lazy\" decoding=\"async\" width=\"1707\" height=\"1280\" src=\"https:\/\/i0.wp.com\/rxdrillrig.com\/wp-content\/uploads\/2026\/04\/%E5%B2%A9%E8%8A%AF%E9%92%BB%E6%9C%BA%E6%96%B0%E9%97%BBAI%E5%9B%BE-1.png?fit=1707%2C1280&amp;ssl=1\" class=\"attachment-full size-full wp-image-14408\" alt=\"\" \/><\/div>\n\t\t<\/a>\n\t\t\t\t<div class=\"elementor-post__text\">\n\t\t\t\t<h3 class=\"elementor-post__title\">\n\t\t\t<a href=\"https:\/\/rxdrillrig.com\/es\/blog\/core-protective-measures-for-core-drilling-rig-in-severe-weather\/\" >\n\t\t\t\tMedidas de protecci\u00f3n para perforadoras sacan\u00facleos en condiciones meteorol\u00f3gicas adversas\t\t\t<\/a>\n\t\t<\/h3>\n\t\t\n\t\t<a class=\"elementor-post__read-more\" href=\"https:\/\/rxdrillrig.com\/es\/blog\/core-protective-measures-for-core-drilling-rig-in-severe-weather\/\" aria-label=\"Read more about Core Protective Measures for Core Drilling Rig in Severe Weather\" tabindex=\"-1\" >\n\t\t\tLeer M\u00e1s \"\t\t<\/a>\n\n\t\t\t\t<\/div>\n\t\t\t\t<\/article>\n\t\t\t\t<article class=\"elementor-post elementor-grid-item post-14351 post type-post status-publish format-standard has-post-thumbnail hentry category-blog tag-core-drilling-rig tag-drilling-rig tag-miningequipment\" role=\"listitem\">\n\t\t\t\t<a class=\"elementor-post__thumbnail__link\" href=\"https:\/\/rxdrillrig.com\/es\/blog\/in-depth-analysis-of-the-core-working-principle-of-core-drills-essential-differences-from-conventional-drills\/\" tabindex=\"-1\" >\n\t\t\t<div class=\"elementor-post__thumbnail\"><img loading=\"lazy\" decoding=\"async\" width=\"1707\" height=\"1280\" src=\"https:\/\/i0.wp.com\/rxdrillrig.com\/wp-content\/uploads\/2026\/03\/%E5%B2%A9%E8%8A%AF%E9%92%BB%E6%9C%BA%E6%96%B0%E9%97%BBAI%E5%9B%BE3.27.png?fit=1707%2C1280&amp;ssl=1\" class=\"attachment-full size-full wp-image-14352\" alt=\"\" \/><\/div>\n\t\t<\/a>\n\t\t\t\t<div class=\"elementor-post__text\">\n\t\t\t\t<h3 class=\"elementor-post__title\">\n\t\t\t<a href=\"https:\/\/rxdrillrig.com\/es\/blog\/in-depth-analysis-of-the-core-working-principle-of-core-drills-essential-differences-from-conventional-drills\/\" >\n\t\t\t\tAn\u00e1lisis en profundidad del principio b\u00e1sico de funcionamiento de las brocas huecas: Diferencias esenciales con los ejercicios convencionales\t\t\t<\/a>\n\t\t<\/h3>\n\t\t\n\t\t<a class=\"elementor-post__read-more\" href=\"https:\/\/rxdrillrig.com\/es\/blog\/in-depth-analysis-of-the-core-working-principle-of-core-drills-essential-differences-from-conventional-drills\/\" aria-label=\"Leer m\u00e1s sobre An\u00e1lisis en profundidad del principio b\u00e1sico de funcionamiento de los taladros con corona: Diferencias esenciales con los ejercicios convencionales\" tabindex=\"-1\" >\n\t\t\tLeer M\u00e1s \"\t\t<\/a>\n\n\t\t\t\t<\/div>\n\t\t\t\t<\/article>\n\t\t\t\t<article class=\"elementor-post elementor-grid-item post-14000 post type-post status-publish format-standard has-post-thumbnail hentry category-blog tag-drilling-rig tag-dthdrillrig tag-miningdrilling\" role=\"listitem\">\n\t\t\t\t<a class=\"elementor-post__thumbnail__link\" href=\"https:\/\/rxdrillrig.com\/es\/blog\/key-points-for-standardized-drill-rod-replacement-of-down-the-hole-drills\/\" tabindex=\"-1\" >\n\t\t\t<div class=\"elementor-post__thumbnail\"><img loading=\"lazy\" decoding=\"async\" width=\"783\" height=\"1139\" src=\"https:\/\/i0.wp.com\/rxdrillrig.com\/wp-content\/uploads\/2026\/02\/%E6%9C%AA%E6%A0%87%E9%A2%98-1.png?fit=783%2C1139&amp;ssl=1\" class=\"attachment-full size-full wp-image-14001\" alt=\"\" \/><\/div>\n\t\t<\/a>\n\t\t\t\t<div class=\"elementor-post__text\">\n\t\t\t\t<h3 class=\"elementor-post__title\">\n\t\t\t<a href=\"https:\/\/rxdrillrig.com\/es\/blog\/key-points-for-standardized-drill-rod-replacement-of-down-the-hole-drills\/\" >\n\t\t\t\tPuntos clave para la sustituci\u00f3n normalizada de la barra de perforaci\u00f3n de las perforadoras en profundidad\t\t\t<\/a>\n\t\t<\/h3>\n\t\t\n\t\t<a class=\"elementor-post__read-more\" href=\"https:\/\/rxdrillrig.com\/es\/blog\/key-points-for-standardized-drill-rod-replacement-of-down-the-hole-drills\/\" aria-label=\"Leer m\u00e1s sobre Puntos clave para la sustituci\u00f3n normalizada de las barras de perforaci\u00f3n de las perforadoras en profundidad\" tabindex=\"-1\" >\n\t\t\tLeer M\u00e1s \"\t\t<\/a>\n\n\t\t\t\t<\/div>\n\t\t\t\t<\/article>\n\t\t\t\t<article class=\"elementor-post elementor-grid-item post-13755 post type-post status-publish format-standard has-post-thumbnail hentry category-blog tag-compressor\" role=\"listitem\">\n\t\t\t\t<a class=\"elementor-post__thumbnail__link\" href=\"https:\/\/rxdrillrig.com\/es\/blog\/how-to-squeeze-out-the-service-life-value-of-the-compressor\/\" tabindex=\"-1\" >\n\t\t\t<div class=\"elementor-post__thumbnail\"><img loading=\"lazy\" decoding=\"async\" width=\"1707\" height=\"1280\" src=\"https:\/\/i0.wp.com\/rxdrillrig.com\/wp-content\/uploads\/2025\/12\/%E7%A9%BA%E5%8E%8B%E6%9C%BA%E6%B0%B4%E5%8D%B0%E7%85%A72.jpg?fit=1707%2C1280&amp;ssl=1\" class=\"attachment-full size-full wp-image-13756\" alt=\"\" \/><\/div>\n\t\t<\/a>\n\t\t\t\t<div class=\"elementor-post__text\">\n\t\t\t\t<h3 class=\"elementor-post__title\">\n\t\t\t<a href=\"https:\/\/rxdrillrig.com\/es\/blog\/how-to-squeeze-out-the-service-life-value-of-the-compressor\/\" >\n\t\t\t\t\u00bfC\u00f3mo \u201cexprimir\u201d el valor de la vida \u00fatil del compresor?\t\t\t<\/a>\n\t\t<\/h3>\n\t\t\n\t\t<a class=\"elementor-post__read-more\" href=\"https:\/\/rxdrillrig.com\/es\/blog\/how-to-squeeze-out-the-service-life-value-of-the-compressor\/\" aria-label=\"Leer m\u00e1s sobre \u00bfC\u00f3mo \u201cexprimir\u201d el valor de la vida \u00fatil del compresor?\" tabindex=\"-1\" >\n\t\t\tLeer M\u00e1s \"\t\t<\/a>\n\n\t\t\t\t<\/div>\n\t\t\t\t<\/article>\n\t\t\t\t<article class=\"elementor-post elementor-grid-item post-13717 post type-post status-publish format-standard has-post-thumbnail hentry category-blog tag-drilling-rig tag-water-well-drilling-rig\" role=\"listitem\">\n\t\t\t\t<a class=\"elementor-post__thumbnail__link\" href=\"https:\/\/rxdrillrig.com\/es\/blog\/running-in-period-maintenance-operation-tips-for-water-well-drills\/\" tabindex=\"-1\" >\n\t\t\t<div class=\"elementor-post__thumbnail\"><img loading=\"lazy\" decoding=\"async\" width=\"960\" height=\"1154\" src=\"https:\/\/i0.wp.com\/rxdrillrig.com\/wp-content\/uploads\/2025\/12\/%E9%92%BB%E6%9C%BA%E6%B0%B4%E5%8D%B0%E7%85%A72.jpg?fit=960%2C1154&amp;ssl=1\" class=\"attachment-full size-full wp-image-13718\" alt=\"\" \/><\/div>\n\t\t<\/a>\n\t\t\t\t<div class=\"elementor-post__text\">\n\t\t\t\t<h3 class=\"elementor-post__title\">\n\t\t\t<a href=\"https:\/\/rxdrillrig.com\/es\/blog\/running-in-period-maintenance-operation-tips-for-water-well-drills\/\" >\n\t\t\t\tPer\u00edodo de rodaje: Consejos de mantenimiento y funcionamiento de las perforadoras de pozos de agua\t\t\t<\/a>\n\t\t<\/h3>\n\t\t\n\t\t<a class=\"elementor-post__read-more\" href=\"https:\/\/rxdrillrig.com\/es\/blog\/running-in-period-maintenance-operation-tips-for-water-well-drills\/\" aria-label=\"Leer m\u00e1s sobre Periodo de rodaje: Consejos de mantenimiento y funcionamiento de las perforadoras de pozos de agua\" tabindex=\"-1\" >\n\t\t\tLeer M\u00e1s \"\t\t<\/a>\n\n\t\t\t\t<\/div>\n\t\t\t\t<\/article>\n\t\t\t\t<\/div>\n\t\t\n\t\t\t\t<div class=\"e-load-more-anchor\" data-page=\"1\" data-max-page=\"3\" data-next-page=\"https:\/\/rxdrillrig.com\/es\/wp-json\/wp\/v2\/pages\/5235\/page\/2\/\"><\/div>\n\t\t\t\t<nav class=\"elementor-pagination\" aria-label=\"Paginaci\u00f3n\">\n\t\t\t<span class=\"page-numbers prev\">\u00ab Anterior<\/span>\n<span aria-current=\"page\" class=\"page-numbers current\"><span class=\"elementor-screen-only\">P\u00e1gina<\/span>1<\/span>\n<a class=\"page-numbers\" href=\"https:\/\/rxdrillrig.com\/es\/wp-json\/wp\/v2\/pages\/5235\/page\/2\/\"><span class=\"elementor-screen-only\">P\u00e1gina<\/span>2<\/a>\n<a class=\"page-numbers\" href=\"https:\/\/rxdrillrig.com\/es\/wp-json\/wp\/v2\/pages\/5235\/page\/3\/\"><span class=\"elementor-screen-only\">P\u00e1gina<\/span>3<\/a>\n<a class=\"page-numbers next\" href=\"https:\/\/rxdrillrig.com\/es\/wp-json\/wp\/v2\/pages\/5235\/page\/2\/\">Siguiente \u00bb<\/a>\t\t<\/nav>\n\t\t\t\t\t\t<\/div>\n\t\t\t\t<\/div>\n\t\t\t\t\t<\/div>\n\t\t\t\t<\/div>\n\t\t<div class=\"elementor-element elementor-element-6a9cd2b e-flex e-con-boxed e-con e-parent\" data-id=\"6a9cd2b\" data-element_type=\"container\" data-e-type=\"container\">\n\t\t\t\t\t<div class=\"e-con-inner\">\n\t\t\t\t\t<\/div>\n\t\t\t\t<\/div>\n\t\t\t\t<\/div>","protected":false},"excerpt":{"rendered":"<p>Blog<\/p>","protected":false},"author":3,"featured_media":0,"parent":0,"menu_order":0,"comment_status":"closed","ping_status":"closed","template":"elementor_header_footer","meta":{"nf_dc_page":"","om_disable_all_campaigns":false,"_monsterinsights_skip_tracking":false,"_monsterinsights_sitenote_active":false,"_monsterinsights_sitenote_note":"","_monsterinsights_sitenote_category":0,"_uf_show_specific_survey":0,"_uf_disable_surveys":false,"footnotes":""},"class_list":["post-5235","page","type-page","status-publish","hentry"],"aioseo_notices":[],"yoast_head":"<!-- This site is optimized with the Yoast SEO Premium plugin v21.9 (Yoast SEO v27.4) - https:\/\/yoast.com\/product\/yoast-seo-premium-wordpress\/ -->\n<title>Blog - DTH Drill Rig, Water well drill rig, Core drill rig- RXME<\/title>\n<meta name=\"robots\" content=\"index, follow, max-snippet:-1, max-image-preview:large, max-video-preview:-1\" \/>\n<link rel=\"canonical\" href=\"https:\/\/rxdrillrig.com\/es\/blog\/\" \/>\n<meta property=\"og:locale\" content=\"es_ES\" \/>\n<meta property=\"og:type\" content=\"article\" \/>\n<meta property=\"og:title\" content=\"Blog\" \/>\n<meta property=\"og:description\" content=\"Blog\" \/>\n<meta property=\"og:url\" content=\"https:\/\/rxdrillrig.com\/es\/blog\/\" \/>\n<meta property=\"og:site_name\" content=\"DTH Drill Rig, Water well drill rig, Core drill rig- RXME\" \/>\n<meta property=\"article:modified_time\" content=\"2025-08-18T02:19:05+00:00\" \/>\n<meta name=\"twitter:card\" content=\"summary_large_image\" \/>\n<meta name=\"twitter:label1\" content=\"Tiempo de lectura\" \/>\n\t<meta name=\"twitter:data1\" content=\"1 minuto\" \/>\n<script type=\"application\/ld+json\" class=\"yoast-schema-graph\">{\"@context\":\"https:\\\/\\\/schema.org\",\"@graph\":[{\"@type\":\"WebPage\",\"@id\":\"https:\\\/\\\/rxdrillrig.com\\\/blog\\\/\",\"url\":\"https:\\\/\\\/rxdrillrig.com\\\/blog\\\/\",\"name\":\"Blog - DTH Drill Rig, Water well drill rig, Core drill rig- RXME\",\"isPartOf\":{\"@id\":\"http:\\\/\\\/rxdrillrig.com\\\/#website\"},\"datePublished\":\"2025-07-11T03:39:36+00:00\",\"dateModified\":\"2025-08-18T02:19:05+00:00\",\"breadcrumb\":{\"@id\":\"https:\\\/\\\/rxdrillrig.com\\\/blog\\\/#breadcrumb\"},\"inLanguage\":\"es\",\"potentialAction\":[{\"@type\":\"ReadAction\",\"target\":[\"https:\\\/\\\/rxdrillrig.com\\\/blog\\\/\"]}]},{\"@type\":\"BreadcrumbList\",\"@id\":\"https:\\\/\\\/rxdrillrig.com\\\/blog\\\/#breadcrumb\",\"itemListElement\":[{\"@type\":\"ListItem\",\"position\":1,\"name\":\"Home\",\"item\":\"https:\\\/\\\/rxdrillrig.com\\\/\"},{\"@type\":\"ListItem\",\"position\":2,\"name\":\"Blog\"}]},{\"@type\":\"WebSite\",\"@id\":\"http:\\\/\\\/rxdrillrig.com\\\/#website\",\"url\":\"http:\\\/\\\/rxdrillrig.com\\\/\",\"name\":\"DTH Drill Rig, Water well drill rig, Core drill rig- RXME\",\"description\":\"\",\"publisher\":{\"@id\":\"http:\\\/\\\/rxdrillrig.com\\\/#organization\"},\"potentialAction\":[{\"@type\":\"SearchAction\",\"target\":{\"@type\":\"EntryPoint\",\"urlTemplate\":\"http:\\\/\\\/rxdrillrig.com\\\/?s={search_term_string}\"},\"query-input\":{\"@type\":\"PropertyValueSpecification\",\"valueRequired\":true,\"valueName\":\"search_term_string\"}}],\"inLanguage\":\"es\"},{\"@type\":\"Organization\",\"@id\":\"http:\\\/\\\/rxdrillrig.com\\\/#organization\",\"name\":\"RX EQUIPMENT CO.,LTD\",\"url\":\"http:\\\/\\\/rxdrillrig.com\\\/\",\"logo\":{\"@type\":\"ImageObject\",\"inLanguage\":\"es\",\"@id\":\"http:\\\/\\\/rxdrillrig.com\\\/#\\\/schema\\\/logo\\\/image\\\/\",\"url\":\"https:\\\/\\\/i0.wp.com\\\/rxdrillrig.com\\\/wp-content\\\/uploads\\\/2025\\\/07\\\/%E7%91%9E%E6%AC%A3logo-1.png?fit=1770%2C481&ssl=1\",\"contentUrl\":\"https:\\\/\\\/i0.wp.com\\\/rxdrillrig.com\\\/wp-content\\\/uploads\\\/2025\\\/07\\\/%E7%91%9E%E6%AC%A3logo-1.png?fit=1770%2C481&ssl=1\",\"width\":1770,\"height\":481,\"caption\":\"RX EQUIPMENT CO.,LTD\"},\"image\":{\"@id\":\"http:\\\/\\\/rxdrillrig.com\\\/#\\\/schema\\\/logo\\\/image\\\/\"}}]}<\/script>\n<!-- \/ Yoast SEO Premium plugin. -->","yoast_head_json":{"title":"Blog - DTH Drill Rig, Water well drill rig, Core drill rig- RXME","robots":{"index":"index","follow":"follow","max-snippet":"max-snippet:-1","max-image-preview":"max-image-preview:large","max-video-preview":"max-video-preview:-1"},"canonical":"https:\/\/rxdrillrig.com\/es\/blog\/","og_locale":"es_ES","og_type":"article","og_title":"Blog","og_description":"Blog","og_url":"https:\/\/rxdrillrig.com\/es\/blog\/","og_site_name":"DTH Drill Rig, Water well drill rig, Core drill rig- RXME","article_modified_time":"2025-08-18T02:19:05+00:00","twitter_card":"summary_large_image","twitter_misc":{"Tiempo de lectura":"1 minuto"},"schema":{"@context":"https:\/\/schema.org","@graph":[{"@type":"WebPage","@id":"https:\/\/rxdrillrig.com\/blog\/","url":"https:\/\/rxdrillrig.com\/blog\/","name":"Blog - DTH Drill Rig, Water well drill rig, Core drill rig- RXME","isPartOf":{"@id":"http:\/\/rxdrillrig.com\/#website"},"datePublished":"2025-07-11T03:39:36+00:00","dateModified":"2025-08-18T02:19:05+00:00","breadcrumb":{"@id":"https:\/\/rxdrillrig.com\/blog\/#breadcrumb"},"inLanguage":"es","potentialAction":[{"@type":"ReadAction","target":["https:\/\/rxdrillrig.com\/blog\/"]}]},{"@type":"BreadcrumbList","@id":"https:\/\/rxdrillrig.com\/blog\/#breadcrumb","itemListElement":[{"@type":"ListItem","position":1,"name":"Home","item":"https:\/\/rxdrillrig.com\/"},{"@type":"ListItem","position":2,"name":"Blog"}]},{"@type":"WebSite","@id":"http:\/\/rxdrillrig.com\/#website","url":"http:\/\/rxdrillrig.com\/","name":"M\u00e1quina perforadora DTH, M\u00e1quina perforadora para pozos de agua, Equipo de perforaci\u00f3n con corona de diamante - RXME","description":"","publisher":{"@id":"http:\/\/rxdrillrig.com\/#organization"},"potentialAction":[{"@type":"SearchAction","target":{"@type":"EntryPoint","urlTemplate":"http:\/\/rxdrillrig.com\/?s={search_term_string}"},"query-input":{"@type":"PropertyValueSpecification","valueRequired":true,"valueName":"search_term_string"}}],"inLanguage":"es"},{"@type":"Organization","@id":"http:\/\/rxdrillrig.com\/#organization","name":"RX EQUIPMENT CO.,LTD","url":"http:\/\/rxdrillrig.com\/","logo":{"@type":"ImageObject","inLanguage":"es","@id":"http:\/\/rxdrillrig.com\/#\/schema\/logo\/image\/","url":"https:\/\/i0.wp.com\/rxdrillrig.com\/wp-content\/uploads\/2025\/07\/%E7%91%9E%E6%AC%A3logo-1.png?fit=1770%2C481&ssl=1","contentUrl":"https:\/\/i0.wp.com\/rxdrillrig.com\/wp-content\/uploads\/2025\/07\/%E7%91%9E%E6%AC%A3logo-1.png?fit=1770%2C481&ssl=1","width":1770,"height":481,"caption":"RX EQUIPMENT CO.,LTD"},"image":{"@id":"http:\/\/rxdrillrig.com\/#\/schema\/logo\/image\/"}}]}},"jetpack_sharing_enabled":true,"_links":{"self":[{"href":"https:\/\/rxdrillrig.com\/es\/wp-json\/wp\/v2\/pages\/5235","targetHints":{"allow":["GET"]}}],"collection":[{"href":"https:\/\/rxdrillrig.com\/es\/wp-json\/wp\/v2\/pages"}],"about":[{"href":"https:\/\/rxdrillrig.com\/es\/wp-json\/wp\/v2\/types\/page"}],"author":[{"embeddable":true,"href":"https:\/\/rxdrillrig.com\/es\/wp-json\/wp\/v2\/users\/3"}],"replies":[{"embeddable":true,"href":"https:\/\/rxdrillrig.com\/es\/wp-json\/wp\/v2\/comments?post=5235"}],"version-history":[{"count":16,"href":"https:\/\/rxdrillrig.com\/es\/wp-json\/wp\/v2\/pages\/5235\/revisions"}],"predecessor-version":[{"id":13138,"href":"https:\/\/rxdrillrig.com\/es\/wp-json\/wp\/v2\/pages\/5235\/revisions\/13138"}],"wp:attachment":[{"href":"https:\/\/rxdrillrig.com\/es\/wp-json\/wp\/v2\/media?parent=5235"}],"curies":[{"name":"wp","href":"https:\/\/api.w.org\/{rel}","templated":true}]}}