{"id":5233,"date":"2025-07-11T03:34:18","date_gmt":"2025-07-11T03:34:18","guid":{"rendered":"https:\/\/aed.wrc.mybluehost.me\/website_09cec333\/?page_id=5233"},"modified":"2025-08-18T02:18:37","modified_gmt":"2025-08-18T02:18:37","slug":"news","status":"publish","type":"page","link":"https:\/\/rxdrillrig.com\/es\/news\/","title":{"rendered":"Noticias"},"content":{"rendered":"<div data-elementor-type=\"wp-page\" data-elementor-id=\"5233\" class=\"elementor elementor-5233\" data-elementor-post-type=\"page\">\n\t\t\t\t<div class=\"elementor-element elementor-element-a8a32f6 e-flex e-con-boxed e-con e-parent\" data-id=\"a8a32f6\" data-element_type=\"container\" data-e-type=\"container\" data-settings=\"{&quot;background_background&quot;:&quot;gradient&quot;}\">\n\t\t\t\t\t<div class=\"e-con-inner\">\n\t\t\t\t<div class=\"elementor-element elementor-element-c621942 elementor-widget elementor-widget-heading\" data-id=\"c621942\" data-element_type=\"widget\" data-e-type=\"widget\" data-widget_type=\"heading.default\">\n\t\t\t\t<div class=\"elementor-widget-container\">\n\t\t\t\t\t<h2 class=\"elementor-heading-title elementor-size-default\">Noticias<\/h2>\t\t\t\t<\/div>\n\t\t\t\t<\/div>\n\t\t\t\t\t<\/div>\n\t\t\t\t<\/div>\n\t\t<div class=\"elementor-element elementor-element-9251859 e-flex e-con-boxed e-con e-parent\" data-id=\"9251859\" data-element_type=\"container\" data-e-type=\"container\">\n\t\t\t\t\t<div class=\"e-con-inner\">\n\t\t\t\t\t<\/div>\n\t\t\t\t<\/div>\n\t\t<div class=\"elementor-element elementor-element-caf129b e-flex e-con-boxed e-con e-parent\" data-id=\"caf129b\" data-element_type=\"container\" data-e-type=\"container\">\n\t\t\t\t\t<div class=\"e-con-inner\">\n\t\t\t\t<div class=\"elementor-element elementor-element-9b58ae1 elementor-grid-3 elementor-grid-tablet-2 elementor-grid-mobile-1 elementor-posts--thumbnail-top elementor-widget elementor-widget-posts\" data-id=\"9b58ae1\" data-element_type=\"widget\" data-e-type=\"widget\" data-settings=\"{&quot;pagination_type&quot;:&quot;numbers_and_prev_next&quot;,&quot;classic_columns&quot;:&quot;3&quot;,&quot;classic_columns_tablet&quot;:&quot;2&quot;,&quot;classic_columns_mobile&quot;:&quot;1&quot;,&quot;classic_row_gap&quot;:{&quot;unit&quot;:&quot;px&quot;,&quot;size&quot;:35,&quot;sizes&quot;:[]},&quot;classic_row_gap_tablet&quot;:{&quot;unit&quot;:&quot;px&quot;,&quot;size&quot;:&quot;&quot;,&quot;sizes&quot;:[]},&quot;classic_row_gap_mobile&quot;:{&quot;unit&quot;:&quot;px&quot;,&quot;size&quot;:&quot;&quot;,&quot;sizes&quot;:[]}}\" data-widget_type=\"posts.classic\">\n\t\t\t\t<div class=\"elementor-widget-container\">\n\t\t\t\t\t\t\t<div class=\"elementor-posts-container elementor-posts elementor-posts--skin-classic elementor-grid\" role=\"list\">\n\t\t\t\t<article class=\"elementor-post elementor-grid-item post-14460 post type-post status-publish format-standard has-post-thumbnail hentry category-news tag-core-drilling-rig tag-core-drilling-rig-rainy-operation tag-mine-drilling-safety\" role=\"listitem\">\n\t\t\t\t<a class=\"elementor-post__thumbnail__link\" href=\"https:\/\/rxdrillrig.com\/es\/news\/what-else-to-note-besides-rainproofing-when-operating-a-core-drill-rig-in-rain\/\" tabindex=\"-1\" >\n\t\t\t<div class=\"elementor-post__thumbnail\"><img loading=\"lazy\" decoding=\"async\" width=\"1920\" height=\"1080\" src=\"https:\/\/i0.wp.com\/rxdrillrig.com\/wp-content\/uploads\/2026\/04\/%E5%B2%A9%E5%BF%83%E9%92%BB%E6%9C%BA%E6%96%B0%E9%97%BBAI%E7%85%A7.png?fit=1920%2C1080&amp;ssl=1\" class=\"attachment-full size-full wp-image-14461\" alt=\"\" \/><\/div>\n\t\t<\/a>\n\t\t\t\t<div class=\"elementor-post__text\">\n\t\t\t\t<h3 class=\"elementor-post__title\">\n\t\t\t<a href=\"https:\/\/rxdrillrig.com\/es\/news\/what-else-to-note-besides-rainproofing-when-operating-a-core-drill-rig-in-rain\/\" >\n\t\t\t\t\u00bfQu\u00e9 m\u00e1s hay que tener en cuenta, adem\u00e1s de la protecci\u00f3n contra la lluvia, cuando se utiliza una perforadora sacan\u00facleos bajo la lluvia?\t\t\t<\/a>\n\t\t<\/h3>\n\t\t\n\t\t<a class=\"elementor-post__read-more\" href=\"https:\/\/rxdrillrig.com\/es\/news\/what-else-to-note-besides-rainproofing-when-operating-a-core-drill-rig-in-rain\/\" aria-label=\"Read more about What Else to Note Besides Rainproofing When Operating a Core Drill Rig in Rain?\" tabindex=\"-1\" >\n\t\t\tLeer M\u00e1s \"\t\t<\/a>\n\n\t\t\t\t<\/div>\n\t\t\t\t<\/article>\n\t\t\t\t<article class=\"elementor-post elementor-grid-item post-14376 post type-post status-publish format-standard has-post-thumbnail hentry category-news tag-drill-pipe-ejection tag-drilling-accident-handling tag-drilling-safety tag-water-well-drilling-rig\" role=\"listitem\">\n\t\t\t\t<a class=\"elementor-post__thumbnail__link\" href=\"https:\/\/rxdrillrig.com\/es\/news\/drill-pipe-ejection-in-300m-water-well-drilling-rig-operation-core-causes-practical-precautions\/\" tabindex=\"-1\" >\n\t\t\t<div class=\"elementor-post__thumbnail\"><img loading=\"lazy\" decoding=\"async\" width=\"1920\" height=\"1232\" src=\"https:\/\/i0.wp.com\/rxdrillrig.com\/wp-content\/uploads\/2026\/04\/%E9%92%BB%E6%9C%BA%E6%96%B0%E9%97%BBAI%E5%9B%BE4.10.png?fit=1920%2C1232&amp;ssl=1\" class=\"attachment-full size-full wp-image-14377\" alt=\"\" \/><\/div>\n\t\t<\/a>\n\t\t\t\t<div class=\"elementor-post__text\">\n\t\t\t\t<h3 class=\"elementor-post__title\">\n\t\t\t<a href=\"https:\/\/rxdrillrig.com\/es\/news\/drill-pipe-ejection-in-300m-water-well-drilling-rig-operation-core-causes-practical-precautions\/\" >\n\t\t\t\tExpulsi\u00f3n de la columna de perforaci\u00f3n en el funcionamiento de una perforadora de pozos de agua de 300 m: Causas principales y precauciones pr\u00e1cticas\t\t\t<\/a>\n\t\t<\/h3>\n\t\t\n\t\t<a class=\"elementor-post__read-more\" href=\"https:\/\/rxdrillrig.com\/es\/news\/drill-pipe-ejection-in-300m-water-well-drilling-rig-operation-core-causes-practical-precautions\/\" aria-label=\"Read more about Drill Pipe Ejection in 300m Water Well Drilling Rig Operation: Core Causes &amp; Practical Precautions\" tabindex=\"-1\" >\n\t\t\tLeer M\u00e1s \"\t\t<\/a>\n\n\t\t\t\t<\/div>\n\t\t\t\t<\/article>\n\t\t\t\t<article class=\"elementor-post elementor-grid-item post-14295 post type-post status-publish format-standard has-post-thumbnail hentry category-news tag-anti-jamming tag-drilling-construction tag-dthdrillrig tag-hole-opening-operation\" role=\"listitem\">\n\t\t\t\t<a class=\"elementor-post__thumbnail__link\" href=\"https:\/\/rxdrillrig.com\/es\/news\/6-fixes-dth-drill-opening-mistakes-rod-skew-sticking\/\" tabindex=\"-1\" >\n\t\t\t<div class=\"elementor-post__thumbnail\"><img loading=\"lazy\" decoding=\"async\" width=\"1920\" height=\"1078\" src=\"https:\/\/i0.wp.com\/rxdrillrig.com\/wp-content\/uploads\/2026\/03\/%E6%9C%AA%E6%A0%87%E9%A2%98-1-1.png?fit=1920%2C1078&amp;ssl=1\" class=\"attachment-full size-full wp-image-14305\" alt=\"\" \/><\/div>\n\t\t<\/a>\n\t\t\t\t<div class=\"elementor-post__text\">\n\t\t\t\t<h3 class=\"elementor-post__title\">\n\t\t\t<a href=\"https:\/\/rxdrillrig.com\/es\/news\/6-fixes-dth-drill-opening-mistakes-rod-skew-sticking\/\" >\n\t\t\t\t6 soluciones: Errores de apertura de la broca DTH y desviaci\u00f3n\/adherencia de la varilla\t\t\t<\/a>\n\t\t<\/h3>\n\t\t\n\t\t<a class=\"elementor-post__read-more\" href=\"https:\/\/rxdrillrig.com\/es\/news\/6-fixes-dth-drill-opening-mistakes-rod-skew-sticking\/\" aria-label=\"Leer m\u00e1s sobre 6 soluciones: Errores en la apertura de la broca DTH y desviaci\u00f3n\/adherencia de la varilla\" tabindex=\"-1\" >\n\t\t\tLeer M\u00e1s \"\t\t<\/a>\n\n\t\t\t\t<\/div>\n\t\t\t\t<\/article>\n\t\t\t\t<article class=\"elementor-post elementor-grid-item post-14122 post type-post status-publish format-standard has-post-thumbnail hentry category-news tag-dthdrillrig tag-miningdrilling tag-surface-integrated-drill-rig\" role=\"listitem\">\n\t\t\t\t<a class=\"elementor-post__thumbnail__link\" href=\"https:\/\/rxdrillrig.com\/es\/news\/standard-operation-of-down-the-hole-drill-on-site-worker-practice\/\" tabindex=\"-1\" >\n\t\t\t<div class=\"elementor-post__thumbnail\"><img loading=\"lazy\" decoding=\"async\" width=\"1705\" height=\"1280\" src=\"https:\/\/i0.wp.com\/rxdrillrig.com\/wp-content\/uploads\/2025\/12\/%E9%92%BB%E6%9C%BA%E6%B0%B4%E5%8D%B0%E7%85%A75.jpg?fit=1705%2C1280&amp;ssl=1\" class=\"attachment-full size-full wp-image-13768\" alt=\"\" \/><\/div>\n\t\t<\/a>\n\t\t\t\t<div class=\"elementor-post__text\">\n\t\t\t\t<h3 class=\"elementor-post__title\">\n\t\t\t<a href=\"https:\/\/rxdrillrig.com\/es\/news\/standard-operation-of-down-the-hole-drill-on-site-worker-practice\/\" >\n\t\t\t\tFuncionamiento est\u00e1ndar de la perforaci\u00f3n en el fondo del pozo | Pr\u00e1cticas de los trabajadores in situ\t\t\t<\/a>\n\t\t<\/h3>\n\t\t\n\t\t<a class=\"elementor-post__read-more\" href=\"https:\/\/rxdrillrig.com\/es\/news\/standard-operation-of-down-the-hole-drill-on-site-worker-practice\/\" aria-label=\"Leer m\u00e1s sobre Funcionamiento est\u00e1ndar de la perforaci\u00f3n en fondo | Pr\u00e1cticas de los trabajadores in situ\" tabindex=\"-1\" >\n\t\t\tLeer M\u00e1s \"\t\t<\/a>\n\n\t\t\t\t<\/div>\n\t\t\t\t<\/article>\n\t\t\t\t<article class=\"elementor-post elementor-grid-item post-13883 post type-post status-publish format-standard has-post-thumbnail hentry category-news tag-air-compressor tag-core-drill-rig tag-drilling-operation\" role=\"listitem\">\n\t\t\t\t<a class=\"elementor-post__thumbnail__link\" href=\"https:\/\/rxdrillrig.com\/es\/news\/efficient-matching-guide-for-core-drill-rigs-and-air-compressors-boost-drilling-efficiency\/\" tabindex=\"-1\" >\n\t\t\t<div class=\"elementor-post__thumbnail\"><img loading=\"lazy\" decoding=\"async\" width=\"1707\" height=\"1280\" src=\"https:\/\/i0.wp.com\/rxdrillrig.com\/wp-content\/uploads\/2026\/01\/%E5%B2%A9%E5%BF%83%E9%92%BB%E6%9C%BA%E6%B0%B4%E5%8D%B0%E7%85%A72.png?fit=1707%2C1280&amp;ssl=1\" class=\"attachment-full size-full wp-image-13882\" alt=\"\" \/><\/div>\n\t\t<\/a>\n\t\t\t\t<div class=\"elementor-post__text\">\n\t\t\t\t<h3 class=\"elementor-post__title\">\n\t\t\t<a href=\"https:\/\/rxdrillrig.com\/es\/news\/efficient-matching-guide-for-core-drill-rigs-and-air-compressors-boost-drilling-efficiency\/\" >\n\t\t\t\tGu\u00eda de emparejamiento eficiente para perforadoras sacan\u00facleos y compresores de aire: Aumente la eficacia de la perforaci\u00f3n\t\t\t<\/a>\n\t\t<\/h3>\n\t\t\n\t\t<a class=\"elementor-post__read-more\" href=\"https:\/\/rxdrillrig.com\/es\/news\/efficient-matching-guide-for-core-drill-rigs-and-air-compressors-boost-drilling-efficiency\/\" aria-label=\"Leer m\u00e1s sobre Gu\u00eda de correspondencia eficiente para perforadoras sacan\u00facleos y compresores de aire: Aumente la eficacia de la perforaci\u00f3n\" tabindex=\"-1\" >\n\t\t\tLeer M\u00e1s \"\t\t<\/a>\n\n\t\t\t\t<\/div>\n\t\t\t\t<\/article>\n\t\t\t\t<article class=\"elementor-post elementor-grid-item post-13790 post type-post status-publish format-standard has-post-thumbnail hentry category-news tag-core-drilling-rig tag-coreextractiontips tag-drillrigoperation\" role=\"listitem\">\n\t\t\t\t<a class=\"elementor-post__thumbnail__link\" href=\"https:\/\/rxdrillrig.com\/es\/news\/the-full-process-of-core-extraction-with-a-core-drill-rig\/\" tabindex=\"-1\" >\n\t\t\t<div class=\"elementor-post__thumbnail\"><img loading=\"lazy\" decoding=\"async\" width=\"1280\" height=\"1280\" src=\"https:\/\/i0.wp.com\/rxdrillrig.com\/wp-content\/uploads\/2026\/01\/%E5%B2%A9%E5%BF%83%E9%92%BB%E6%9C%BA%E6%B0%B4%E5%8D%B0%E7%85%A7.jpg?fit=1280%2C1280&amp;ssl=1\" class=\"attachment-full size-full wp-image-13791\" alt=\"\" \/><\/div>\n\t\t<\/a>\n\t\t\t\t<div class=\"elementor-post__text\">\n\t\t\t\t<h3 class=\"elementor-post__title\">\n\t\t\t<a href=\"https:\/\/rxdrillrig.com\/es\/news\/the-full-process-of-core-extraction-with-a-core-drill-rig\/\" >\n\t\t\t\tEl proceso completo de extracci\u00f3n de testigos con una perforadora sacan\u00facleos\t\t\t<\/a>\n\t\t<\/h3>\n\t\t\n\t\t<a class=\"elementor-post__read-more\" href=\"https:\/\/rxdrillrig.com\/es\/news\/the-full-process-of-core-extraction-with-a-core-drill-rig\/\" aria-label=\"Leer m\u00e1s sobre El proceso completo de extracci\u00f3n de testigos con una perforadora sacan\u00facleos\" tabindex=\"-1\" >\n\t\t\tLeer M\u00e1s \"\t\t<\/a>\n\n\t\t\t\t<\/div>\n\t\t\t\t<\/article>\n\t\t\t\t<\/div>\n\t\t\n\t\t\t\t<div class=\"e-load-more-anchor\" data-page=\"1\" data-max-page=\"4\" data-next-page=\"https:\/\/rxdrillrig.com\/es\/wp-json\/wp\/v2\/pages\/5233\/page\/2\/\"><\/div>\n\t\t\t\t<nav class=\"elementor-pagination\" aria-label=\"Paginaci\u00f3n\">\n\t\t\t<span class=\"page-numbers prev\">\u00ab Anterior<\/span>\n<span aria-current=\"page\" class=\"page-numbers current\"><span class=\"elementor-screen-only\">P\u00e1gina<\/span>1<\/span>\n<a class=\"page-numbers\" href=\"https:\/\/rxdrillrig.com\/es\/wp-json\/wp\/v2\/pages\/5233\/page\/2\/\"><span class=\"elementor-screen-only\">P\u00e1gina<\/span>2<\/a>\n<a class=\"page-numbers\" href=\"https:\/\/rxdrillrig.com\/es\/wp-json\/wp\/v2\/pages\/5233\/page\/3\/\"><span class=\"elementor-screen-only\">P\u00e1gina<\/span>3<\/a>\n<a class=\"page-numbers\" href=\"https:\/\/rxdrillrig.com\/es\/wp-json\/wp\/v2\/pages\/5233\/page\/4\/\"><span class=\"elementor-screen-only\">P\u00e1gina<\/span>4<\/a>\n<a class=\"page-numbers next\" href=\"https:\/\/rxdrillrig.com\/es\/wp-json\/wp\/v2\/pages\/5233\/page\/2\/\">Siguiente \u00bb<\/a>\t\t<\/nav>\n\t\t\t\t\t\t<\/div>\n\t\t\t\t<\/div>\n\t\t\t\t\t<\/div>\n\t\t\t\t<\/div>\n\t\t<div class=\"elementor-element elementor-element-fcfdcd9 e-flex e-con-boxed e-con e-parent\" data-id=\"fcfdcd9\" data-element_type=\"container\" data-e-type=\"container\">\n\t\t\t\t\t<div class=\"e-con-inner\">\n\t\t\t\t\t<\/div>\n\t\t\t\t<\/div>\n\t\t\t\t<\/div>","protected":false},"excerpt":{"rendered":"<p>Noticias<\/p>","protected":false},"author":3,"featured_media":0,"parent":0,"menu_order":0,"comment_status":"closed","ping_status":"closed","template":"elementor_header_footer","meta":{"nf_dc_page":"","om_disable_all_campaigns":false,"_monsterinsights_skip_tracking":false,"_monsterinsights_sitenote_active":false,"_monsterinsights_sitenote_note":"","_monsterinsights_sitenote_category":0,"_uf_show_specific_survey":0,"_uf_disable_surveys":false,"footnotes":""},"class_list":["post-5233","page","type-page","status-publish","hentry"],"aioseo_notices":[],"yoast_head":"<!-- This site is optimized with the Yoast SEO Premium plugin v21.9 (Yoast SEO v27.4) - https:\/\/yoast.com\/product\/yoast-seo-premium-wordpress\/ -->\n<title>News - DTH Drill Rig, Water well drill rig, Core drill rig- RXME<\/title>\n<meta name=\"robots\" content=\"index, follow, max-snippet:-1, max-image-preview:large, max-video-preview:-1\" \/>\n<link rel=\"canonical\" href=\"https:\/\/rxdrillrig.com\/es\/news\/\" \/>\n<meta property=\"og:locale\" content=\"es_ES\" \/>\n<meta property=\"og:type\" content=\"article\" \/>\n<meta property=\"og:title\" content=\"News\" \/>\n<meta property=\"og:description\" content=\"News\" \/>\n<meta property=\"og:url\" content=\"https:\/\/rxdrillrig.com\/es\/news\/\" \/>\n<meta property=\"og:site_name\" content=\"DTH Drill Rig, Water well drill rig, Core drill rig- RXME\" \/>\n<meta property=\"article:modified_time\" content=\"2025-08-18T02:18:37+00:00\" \/>\n<meta name=\"twitter:card\" content=\"summary_large_image\" \/>\n<meta name=\"twitter:label1\" content=\"Tiempo de lectura\" \/>\n\t<meta name=\"twitter:data1\" content=\"1 minuto\" \/>\n<script type=\"application\/ld+json\" class=\"yoast-schema-graph\">{\"@context\":\"https:\\\/\\\/schema.org\",\"@graph\":[{\"@type\":\"WebPage\",\"@id\":\"https:\\\/\\\/rxdrillrig.com\\\/news\\\/\",\"url\":\"https:\\\/\\\/rxdrillrig.com\\\/news\\\/\",\"name\":\"News - DTH Drill Rig, Water well drill rig, Core drill rig- RXME\",\"isPartOf\":{\"@id\":\"http:\\\/\\\/rxdrillrig.com\\\/#website\"},\"datePublished\":\"2025-07-11T03:34:18+00:00\",\"dateModified\":\"2025-08-18T02:18:37+00:00\",\"breadcrumb\":{\"@id\":\"https:\\\/\\\/rxdrillrig.com\\\/news\\\/#breadcrumb\"},\"inLanguage\":\"es\",\"potentialAction\":[{\"@type\":\"ReadAction\",\"target\":[\"https:\\\/\\\/rxdrillrig.com\\\/news\\\/\"]}]},{\"@type\":\"BreadcrumbList\",\"@id\":\"https:\\\/\\\/rxdrillrig.com\\\/news\\\/#breadcrumb\",\"itemListElement\":[{\"@type\":\"ListItem\",\"position\":1,\"name\":\"Home\",\"item\":\"https:\\\/\\\/rxdrillrig.com\\\/\"},{\"@type\":\"ListItem\",\"position\":2,\"name\":\"News\"}]},{\"@type\":\"WebSite\",\"@id\":\"http:\\\/\\\/rxdrillrig.com\\\/#website\",\"url\":\"http:\\\/\\\/rxdrillrig.com\\\/\",\"name\":\"DTH Drill Rig, Water well drill rig, Core drill rig- RXME\",\"description\":\"\",\"publisher\":{\"@id\":\"http:\\\/\\\/rxdrillrig.com\\\/#organization\"},\"potentialAction\":[{\"@type\":\"SearchAction\",\"target\":{\"@type\":\"EntryPoint\",\"urlTemplate\":\"http:\\\/\\\/rxdrillrig.com\\\/?s={search_term_string}\"},\"query-input\":{\"@type\":\"PropertyValueSpecification\",\"valueRequired\":true,\"valueName\":\"search_term_string\"}}],\"inLanguage\":\"es\"},{\"@type\":\"Organization\",\"@id\":\"http:\\\/\\\/rxdrillrig.com\\\/#organization\",\"name\":\"RX EQUIPMENT CO.,LTD\",\"url\":\"http:\\\/\\\/rxdrillrig.com\\\/\",\"logo\":{\"@type\":\"ImageObject\",\"inLanguage\":\"es\",\"@id\":\"http:\\\/\\\/rxdrillrig.com\\\/#\\\/schema\\\/logo\\\/image\\\/\",\"url\":\"https:\\\/\\\/i0.wp.com\\\/rxdrillrig.com\\\/wp-content\\\/uploads\\\/2025\\\/07\\\/%E7%91%9E%E6%AC%A3logo-1.png?fit=1770%2C481&ssl=1\",\"contentUrl\":\"https:\\\/\\\/i0.wp.com\\\/rxdrillrig.com\\\/wp-content\\\/uploads\\\/2025\\\/07\\\/%E7%91%9E%E6%AC%A3logo-1.png?fit=1770%2C481&ssl=1\",\"width\":1770,\"height\":481,\"caption\":\"RX EQUIPMENT CO.,LTD\"},\"image\":{\"@id\":\"http:\\\/\\\/rxdrillrig.com\\\/#\\\/schema\\\/logo\\\/image\\\/\"}}]}<\/script>\n<!-- \/ Yoast SEO Premium plugin. -->","yoast_head_json":{"title":"News - DTH Drill Rig, Water well drill rig, Core drill rig- RXME","robots":{"index":"index","follow":"follow","max-snippet":"max-snippet:-1","max-image-preview":"max-image-preview:large","max-video-preview":"max-video-preview:-1"},"canonical":"https:\/\/rxdrillrig.com\/es\/news\/","og_locale":"es_ES","og_type":"article","og_title":"News","og_description":"News","og_url":"https:\/\/rxdrillrig.com\/es\/news\/","og_site_name":"DTH Drill Rig, Water well drill rig, Core drill rig- RXME","article_modified_time":"2025-08-18T02:18:37+00:00","twitter_card":"summary_large_image","twitter_misc":{"Tiempo de lectura":"1 minuto"},"schema":{"@context":"https:\/\/schema.org","@graph":[{"@type":"WebPage","@id":"https:\/\/rxdrillrig.com\/news\/","url":"https:\/\/rxdrillrig.com\/news\/","name":"News - DTH Drill Rig, Water well drill rig, Core drill rig- RXME","isPartOf":{"@id":"http:\/\/rxdrillrig.com\/#website"},"datePublished":"2025-07-11T03:34:18+00:00","dateModified":"2025-08-18T02:18:37+00:00","breadcrumb":{"@id":"https:\/\/rxdrillrig.com\/news\/#breadcrumb"},"inLanguage":"es","potentialAction":[{"@type":"ReadAction","target":["https:\/\/rxdrillrig.com\/news\/"]}]},{"@type":"BreadcrumbList","@id":"https:\/\/rxdrillrig.com\/news\/#breadcrumb","itemListElement":[{"@type":"ListItem","position":1,"name":"Home","item":"https:\/\/rxdrillrig.com\/"},{"@type":"ListItem","position":2,"name":"News"}]},{"@type":"WebSite","@id":"http:\/\/rxdrillrig.com\/#website","url":"http:\/\/rxdrillrig.com\/","name":"M\u00e1quina perforadora DTH, M\u00e1quina perforadora para pozos de agua, Equipo de perforaci\u00f3n con corona de diamante - RXME","description":"","publisher":{"@id":"http:\/\/rxdrillrig.com\/#organization"},"potentialAction":[{"@type":"SearchAction","target":{"@type":"EntryPoint","urlTemplate":"http:\/\/rxdrillrig.com\/?s={search_term_string}"},"query-input":{"@type":"PropertyValueSpecification","valueRequired":true,"valueName":"search_term_string"}}],"inLanguage":"es"},{"@type":"Organization","@id":"http:\/\/rxdrillrig.com\/#organization","name":"RX EQUIPMENT CO.,LTD","url":"http:\/\/rxdrillrig.com\/","logo":{"@type":"ImageObject","inLanguage":"es","@id":"http:\/\/rxdrillrig.com\/#\/schema\/logo\/image\/","url":"https:\/\/i0.wp.com\/rxdrillrig.com\/wp-content\/uploads\/2025\/07\/%E7%91%9E%E6%AC%A3logo-1.png?fit=1770%2C481&ssl=1","contentUrl":"https:\/\/i0.wp.com\/rxdrillrig.com\/wp-content\/uploads\/2025\/07\/%E7%91%9E%E6%AC%A3logo-1.png?fit=1770%2C481&ssl=1","width":1770,"height":481,"caption":"RX EQUIPMENT CO.,LTD"},"image":{"@id":"http:\/\/rxdrillrig.com\/#\/schema\/logo\/image\/"}}]}},"jetpack_sharing_enabled":true,"_links":{"self":[{"href":"https:\/\/rxdrillrig.com\/es\/wp-json\/wp\/v2\/pages\/5233","targetHints":{"allow":["GET"]}}],"collection":[{"href":"https:\/\/rxdrillrig.com\/es\/wp-json\/wp\/v2\/pages"}],"about":[{"href":"https:\/\/rxdrillrig.com\/es\/wp-json\/wp\/v2\/types\/page"}],"author":[{"embeddable":true,"href":"https:\/\/rxdrillrig.com\/es\/wp-json\/wp\/v2\/users\/3"}],"replies":[{"embeddable":true,"href":"https:\/\/rxdrillrig.com\/es\/wp-json\/wp\/v2\/comments?post=5233"}],"version-history":[{"count":19,"href":"https:\/\/rxdrillrig.com\/es\/wp-json\/wp\/v2\/pages\/5233\/revisions"}],"predecessor-version":[{"id":13135,"href":"https:\/\/rxdrillrig.com\/es\/wp-json\/wp\/v2\/pages\/5233\/revisions\/13135"}],"wp:attachment":[{"href":"https:\/\/rxdrillrig.com\/es\/wp-json\/wp\/v2\/media?parent=5233"}],"curies":[{"name":"wp","href":"https:\/\/api.w.org\/{rel}","templated":true}]}}