{"id":14049,"date":"2026-02-24T01:21:49","date_gmt":"2026-02-24T01:21:49","guid":{"rendered":"https:\/\/rxdrillrig.com\/?page_id=14049"},"modified":"2026-02-24T01:44:04","modified_gmt":"2026-02-24T01:44:04","slug":"video","status":"publish","type":"page","link":"https:\/\/rxdrillrig.com\/es\/video\/","title":{"rendered":"V\u00eddeo"},"content":{"rendered":"<div data-elementor-type=\"wp-page\" data-elementor-id=\"14049\" class=\"elementor elementor-14049\" data-elementor-post-type=\"page\">\n\t\t\t\t<div class=\"elementor-element elementor-element-2d2106a e-flex e-con-boxed e-con e-parent\" data-id=\"2d2106a\" data-element_type=\"container\" data-e-type=\"container\" data-settings=\"{&quot;background_background&quot;:&quot;gradient&quot;}\">\n\t\t\t\t\t<div class=\"e-con-inner\">\n\t\t\t\t<div class=\"elementor-element elementor-element-09bd01c elementor-widget elementor-widget-heading\" data-id=\"09bd01c\" data-element_type=\"widget\" data-e-type=\"widget\" data-widget_type=\"heading.default\">\n\t\t\t\t<div class=\"elementor-widget-container\">\n\t\t\t\t\t<h2 class=\"elementor-heading-title elementor-size-default\">V\u00eddeo<\/h2>\t\t\t\t<\/div>\n\t\t\t\t<\/div>\n\t\t\t\t\t<\/div>\n\t\t\t\t<\/div>\n\t\t<div class=\"elementor-element elementor-element-37d5229 e-flex e-con-boxed e-con e-parent\" data-id=\"37d5229\" data-element_type=\"container\" data-e-type=\"container\">\n\t\t\t\t\t<div class=\"e-con-inner\">\n\t\t\t\t\t<\/div>\n\t\t\t\t<\/div>\n\t\t<div class=\"elementor-element elementor-element-3515303 e-flex e-con-boxed e-con e-parent\" data-id=\"3515303\" data-element_type=\"container\" data-e-type=\"container\">\n\t\t\t\t\t<div class=\"e-con-inner\">\n\t\t\t\t<div class=\"elementor-element elementor-element-2994056 elementor-widget__width-initial elementor-widget elementor-widget-icon-box\" data-id=\"2994056\" data-element_type=\"widget\" data-e-type=\"widget\" data-widget_type=\"icon-box.default\">\n\t\t\t\t<div class=\"elementor-widget-container\">\n\t\t\t\t\t\t\t<div class=\"elementor-icon-box-wrapper\">\n\n\t\t\t\n\t\t\t\t\t\t<div class=\"elementor-icon-box-content\">\n\n\t\t\t\t\t\t\t\t\t<h3 class=\"elementor-icon-box-title\">\n\t\t\t\t\t\t<span  >\n\t\t\t\t\t\t\tEquipo de perforaci\u00f3n DTH\t\t\t\t\t\t<\/span>\n\t\t\t\t\t<\/h3>\n\t\t\t\t\n\t\t\t\t\t\t\t\t\t<p class=\"elementor-icon-box-description\">\n\t\t\t\t\t\t-\t\t\t\t\t<\/p>\n\t\t\t\t\n\t\t\t<\/div>\n\t\t\t\n\t\t<\/div>\n\t\t\t\t\t\t<\/div>\n\t\t\t\t<\/div>\n\t\t\t\t\t<\/div>\n\t\t\t\t<\/div>\n\t\t<div class=\"elementor-element elementor-element-3e8f871 e-flex e-con-boxed e-con e-parent\" data-id=\"3e8f871\" data-element_type=\"container\" data-e-type=\"container\">\n\t\t\t\t\t<div class=\"e-con-inner\">\n\t\t<div class=\"elementor-element elementor-element-b3ee391 e-con-full e-flex e-con e-child\" data-id=\"b3ee391\" data-element_type=\"container\" data-e-type=\"container\">\n\t\t\t\t<div class=\"elementor-element elementor-element-a46a4d5 elementor-widget elementor-widget-video\" data-id=\"a46a4d5\" data-element_type=\"widget\" data-e-type=\"widget\" data-settings=\"{&quot;youtube_url&quot;:&quot;https:\\\/\\\/youtu.be\\\/aUnluo_k37U?si=yQ2Qk4R7wxzigSZL&quot;,&quot;video_type&quot;:&quot;youtube&quot;,&quot;controls&quot;:&quot;yes&quot;}\" data-widget_type=\"video.default\">\n\t\t\t\t<div class=\"elementor-widget-container\">\n\t\t\t\t\t\t\t<div class=\"elementor-wrapper elementor-open-inline\">\n\t\t\t<div class=\"elementor-video\"><\/div>\t\t<\/div>\n\t\t\t\t\t\t<\/div>\n\t\t\t\t<\/div>\n\t\t\t\t<\/div>\n\t\t<div class=\"elementor-element elementor-element-faa4a90 e-con-full e-flex e-con e-child\" data-id=\"faa4a90\" data-element_type=\"container\" data-e-type=\"container\">\n\t\t\t\t<div class=\"elementor-element elementor-element-715bd63 elementor-widget elementor-widget-video\" data-id=\"715bd63\" data-element_type=\"widget\" data-e-type=\"widget\" data-settings=\"{&quot;youtube_url&quot;:&quot;https:\\\/\\\/youtu.be\\\/SM18qIDhABU?si=TorDCtG-EIdu1Gz_&quot;,&quot;video_type&quot;:&quot;youtube&quot;,&quot;controls&quot;:&quot;yes&quot;}\" data-widget_type=\"video.default\">\n\t\t\t\t<div class=\"elementor-widget-container\">\n\t\t\t\t\t\t\t<div class=\"elementor-wrapper elementor-open-inline\">\n\t\t\t<div class=\"elementor-video\"><\/div>\t\t<\/div>\n\t\t\t\t\t\t<\/div>\n\t\t\t\t<\/div>\n\t\t\t\t<\/div>\n\t\t\t\t\t<\/div>\n\t\t\t\t<\/div>\n\t\t<div class=\"elementor-element elementor-element-669d513 e-flex e-con-boxed e-con e-parent\" data-id=\"669d513\" data-element_type=\"container\" data-e-type=\"container\">\n\t\t\t\t\t<div class=\"e-con-inner\">\n\t\t\t\t\t<\/div>\n\t\t\t\t<\/div>\n\t\t<div class=\"elementor-element elementor-element-86bb4be e-flex e-con-boxed e-con e-parent\" data-id=\"86bb4be\" data-element_type=\"container\" data-e-type=\"container\">\n\t\t\t\t\t<div class=\"e-con-inner\">\n\t\t<div class=\"elementor-element elementor-element-18219c6 e-con-full e-flex e-con e-child\" data-id=\"18219c6\" data-element_type=\"container\" data-e-type=\"container\">\n\t\t\t\t<div class=\"elementor-element elementor-element-59c69e8 elementor-widget elementor-widget-video\" data-id=\"59c69e8\" data-element_type=\"widget\" data-e-type=\"widget\" data-settings=\"{&quot;youtube_url&quot;:&quot;https:\\\/\\\/youtu.be\\\/lRf2FcsNTtU?si=hurr9JfsbrBSkdXt&quot;,&quot;video_type&quot;:&quot;youtube&quot;,&quot;controls&quot;:&quot;yes&quot;}\" data-widget_type=\"video.default\">\n\t\t\t\t<div class=\"elementor-widget-container\">\n\t\t\t\t\t\t\t<div class=\"elementor-wrapper elementor-open-inline\">\n\t\t\t<div class=\"elementor-video\"><\/div>\t\t<\/div>\n\t\t\t\t\t\t<\/div>\n\t\t\t\t<\/div>\n\t\t\t\t<\/div>\n\t\t<div class=\"elementor-element elementor-element-b0d8c66 e-con-full e-flex e-con e-child\" data-id=\"b0d8c66\" data-element_type=\"container\" data-e-type=\"container\">\n\t\t\t\t<div class=\"elementor-element elementor-element-a12f977 elementor-widget elementor-widget-video\" data-id=\"a12f977\" data-element_type=\"widget\" data-e-type=\"widget\" data-settings=\"{&quot;youtube_url&quot;:&quot;https:\\\/\\\/youtu.be\\\/GCr3M54He_s?si=tc3Gsi26tY4w4CF_&quot;,&quot;video_type&quot;:&quot;youtube&quot;,&quot;controls&quot;:&quot;yes&quot;}\" data-widget_type=\"video.default\">\n\t\t\t\t<div class=\"elementor-widget-container\">\n\t\t\t\t\t\t\t<div class=\"elementor-wrapper elementor-open-inline\">\n\t\t\t<div class=\"elementor-video\"><\/div>\t\t<\/div>\n\t\t\t\t\t\t<\/div>\n\t\t\t\t<\/div>\n\t\t\t\t<\/div>\n\t\t\t\t\t<\/div>\n\t\t\t\t<\/div>\n\t\t<div class=\"elementor-element elementor-element-f295e3f e-flex e-con-boxed e-con e-parent\" data-id=\"f295e3f\" data-element_type=\"container\" data-e-type=\"container\">\n\t\t\t\t\t<div class=\"e-con-inner\">\n\t\t\t\t\t<\/div>\n\t\t\t\t<\/div>\n\t\t<div class=\"elementor-element elementor-element-822531d e-flex e-con-boxed e-con e-parent\" data-id=\"822531d\" data-element_type=\"container\" data-e-type=\"container\">\n\t\t\t\t\t<div class=\"e-con-inner\">\n\t\t\t\t<div class=\"elementor-element elementor-element-7d7f1ff elementor-widget__width-initial elementor-widget elementor-widget-icon-box\" data-id=\"7d7f1ff\" data-element_type=\"widget\" data-e-type=\"widget\" data-widget_type=\"icon-box.default\">\n\t\t\t\t<div class=\"elementor-widget-container\">\n\t\t\t\t\t\t\t<div class=\"elementor-icon-box-wrapper\">\n\n\t\t\t\n\t\t\t\t\t\t<div class=\"elementor-icon-box-content\">\n\n\t\t\t\t\t\t\t\t\t<h3 class=\"elementor-icon-box-title\">\n\t\t\t\t\t\t<span  >\n\t\t\t\t\t\t\tPlataforma de perforaci\u00f3n acu\u00e1tica\t\t\t\t\t\t<\/span>\n\t\t\t\t\t<\/h3>\n\t\t\t\t\n\t\t\t\t\t\t\t\t\t<p class=\"elementor-icon-box-description\">\n\t\t\t\t\t\t-\t\t\t\t\t<\/p>\n\t\t\t\t\n\t\t\t<\/div>\n\t\t\t\n\t\t<\/div>\n\t\t\t\t\t\t<\/div>\n\t\t\t\t<\/div>\n\t\t\t\t\t<\/div>\n\t\t\t\t<\/div>\n\t\t<div class=\"elementor-element elementor-element-950f72f e-flex e-con-boxed e-con e-parent\" data-id=\"950f72f\" data-element_type=\"container\" data-e-type=\"container\">\n\t\t\t\t\t<div class=\"e-con-inner\">\n\t\t<div class=\"elementor-element elementor-element-0803a6c e-con-full e-flex e-con e-child\" data-id=\"0803a6c\" data-element_type=\"container\" data-e-type=\"container\">\n\t\t\t\t<div class=\"elementor-element elementor-element-1a548c9 elementor-widget elementor-widget-video\" data-id=\"1a548c9\" data-element_type=\"widget\" data-e-type=\"widget\" data-settings=\"{&quot;youtube_url&quot;:&quot;https:\\\/\\\/youtube.com\\\/shorts\\\/Q9e3CFHdXwo?si=mWzVuqWdonySuXu6&quot;,&quot;video_type&quot;:&quot;youtube&quot;,&quot;controls&quot;:&quot;yes&quot;}\" data-widget_type=\"video.default\">\n\t\t\t\t<div class=\"elementor-widget-container\">\n\t\t\t\t\t\t\t<div class=\"elementor-wrapper elementor-open-inline\">\n\t\t\t<div class=\"elementor-video\"><\/div>\t\t<\/div>\n\t\t\t\t\t\t<\/div>\n\t\t\t\t<\/div>\n\t\t\t\t<\/div>\n\t\t<div class=\"elementor-element elementor-element-fad0d5b e-con-full e-flex e-con e-child\" data-id=\"fad0d5b\" data-element_type=\"container\" data-e-type=\"container\">\n\t\t\t\t<div class=\"elementor-element elementor-element-394c233 elementor-widget elementor-widget-video\" data-id=\"394c233\" data-element_type=\"widget\" data-e-type=\"widget\" data-settings=\"{&quot;youtube_url&quot;:&quot;https:\\\/\\\/youtube.com\\\/shorts\\\/qJ6dF1IB1OU?si=IIxA2s_LzzHWu5IN&quot;,&quot;video_type&quot;:&quot;youtube&quot;,&quot;controls&quot;:&quot;yes&quot;}\" data-widget_type=\"video.default\">\n\t\t\t\t<div class=\"elementor-widget-container\">\n\t\t\t\t\t\t\t<div class=\"elementor-wrapper elementor-open-inline\">\n\t\t\t<div class=\"elementor-video\"><\/div>\t\t<\/div>\n\t\t\t\t\t\t<\/div>\n\t\t\t\t<\/div>\n\t\t\t\t<\/div>\n\t\t\t\t\t<\/div>\n\t\t\t\t<\/div>\n\t\t<div class=\"elementor-element elementor-element-56be1c2 e-flex e-con-boxed e-con e-parent\" data-id=\"56be1c2\" data-element_type=\"container\" data-e-type=\"container\">\n\t\t\t\t\t<div class=\"e-con-inner\">\n\t\t\t\t\t<\/div>\n\t\t\t\t<\/div>\n\t\t<div class=\"elementor-element elementor-element-8a42f5a e-flex e-con-boxed e-con e-parent\" data-id=\"8a42f5a\" data-element_type=\"container\" data-e-type=\"container\">\n\t\t\t\t\t<div class=\"e-con-inner\">\n\t\t<div class=\"elementor-element elementor-element-2307e07 e-con-full e-flex e-con e-child\" data-id=\"2307e07\" data-element_type=\"container\" data-e-type=\"container\">\n\t\t\t\t<div class=\"elementor-element elementor-element-ab6a2be elementor-widget elementor-widget-video\" data-id=\"ab6a2be\" data-element_type=\"widget\" data-e-type=\"widget\" data-settings=\"{&quot;youtube_url&quot;:&quot;https:\\\/\\\/youtube.com\\\/shorts\\\/fkg8tGJAWGU?si=BJZpDQ3zeDhpYRlZ&quot;,&quot;video_type&quot;:&quot;youtube&quot;,&quot;controls&quot;:&quot;yes&quot;}\" data-widget_type=\"video.default\">\n\t\t\t\t<div class=\"elementor-widget-container\">\n\t\t\t\t\t\t\t<div class=\"elementor-wrapper elementor-open-inline\">\n\t\t\t<div class=\"elementor-video\"><\/div>\t\t<\/div>\n\t\t\t\t\t\t<\/div>\n\t\t\t\t<\/div>\n\t\t\t\t<\/div>\n\t\t<div class=\"elementor-element elementor-element-0787290 e-con-full e-flex e-con e-child\" data-id=\"0787290\" data-element_type=\"container\" data-e-type=\"container\">\n\t\t\t\t<div class=\"elementor-element elementor-element-bc65cd4 elementor-widget elementor-widget-video\" data-id=\"bc65cd4\" data-element_type=\"widget\" data-e-type=\"widget\" data-settings=\"{&quot;youtube_url&quot;:&quot;https:\\\/\\\/youtube.com\\\/shorts\\\/0qyNV9w_NFc?si=ORBECSgPVOmdgacL&quot;,&quot;video_type&quot;:&quot;youtube&quot;,&quot;controls&quot;:&quot;yes&quot;}\" data-widget_type=\"video.default\">\n\t\t\t\t<div class=\"elementor-widget-container\">\n\t\t\t\t\t\t\t<div class=\"elementor-wrapper elementor-open-inline\">\n\t\t\t<div class=\"elementor-video\"><\/div>\t\t<\/div>\n\t\t\t\t\t\t<\/div>\n\t\t\t\t<\/div>\n\t\t\t\t<\/div>\n\t\t\t\t\t<\/div>\n\t\t\t\t<\/div>\n\t\t<div class=\"elementor-element elementor-element-148eca1 e-flex e-con-boxed e-con e-parent\" data-id=\"148eca1\" data-element_type=\"container\" data-e-type=\"container\">\n\t\t\t\t\t<div class=\"e-con-inner\">\n\t\t\t\t\t<\/div>\n\t\t\t\t<\/div>\n\t\t<div class=\"elementor-element elementor-element-0b869c1 e-flex e-con-boxed e-con e-parent\" data-id=\"0b869c1\" data-element_type=\"container\" data-e-type=\"container\">\n\t\t\t\t\t<div class=\"e-con-inner\">\n\t\t\t\t<div class=\"elementor-element elementor-element-c97e08a elementor-widget__width-initial elementor-widget elementor-widget-icon-box\" data-id=\"c97e08a\" data-element_type=\"widget\" data-e-type=\"widget\" data-widget_type=\"icon-box.default\">\n\t\t\t\t<div class=\"elementor-widget-container\">\n\t\t\t\t\t\t\t<div class=\"elementor-icon-box-wrapper\">\n\n\t\t\t\n\t\t\t\t\t\t<div class=\"elementor-icon-box-content\">\n\n\t\t\t\t\t\t\t\t\t<h3 class=\"elementor-icon-box-title\">\n\t\t\t\t\t\t<span  >\n\t\t\t\t\t\t\tEquipo de perforaci\u00f3n con corona\t\t\t\t\t\t<\/span>\n\t\t\t\t\t<\/h3>\n\t\t\t\t\n\t\t\t\t\t\t\t\t\t<p class=\"elementor-icon-box-description\">\n\t\t\t\t\t\t-\t\t\t\t\t<\/p>\n\t\t\t\t\n\t\t\t<\/div>\n\t\t\t\n\t\t<\/div>\n\t\t\t\t\t\t<\/div>\n\t\t\t\t<\/div>\n\t\t\t\t\t<\/div>\n\t\t\t\t<\/div>\n\t\t<div class=\"elementor-element elementor-element-c2a87d7 e-flex e-con-boxed e-con e-parent\" data-id=\"c2a87d7\" data-element_type=\"container\" data-e-type=\"container\">\n\t\t\t\t\t<div class=\"e-con-inner\">\n\t\t<div class=\"elementor-element elementor-element-ef93d9f e-con-full e-flex e-con e-child\" data-id=\"ef93d9f\" data-element_type=\"container\" data-e-type=\"container\">\n\t\t\t\t<div class=\"elementor-element elementor-element-76b6656 elementor-widget elementor-widget-video\" data-id=\"76b6656\" data-element_type=\"widget\" data-e-type=\"widget\" data-settings=\"{&quot;youtube_url&quot;:&quot;https:\\\/\\\/youtu.be\\\/UdtReuvgC4U?si=kZK9tp3rKhXGo4uY&quot;,&quot;video_type&quot;:&quot;youtube&quot;,&quot;controls&quot;:&quot;yes&quot;}\" data-widget_type=\"video.default\">\n\t\t\t\t<div class=\"elementor-widget-container\">\n\t\t\t\t\t\t\t<div class=\"elementor-wrapper elementor-open-inline\">\n\t\t\t<div class=\"elementor-video\"><\/div>\t\t<\/div>\n\t\t\t\t\t\t<\/div>\n\t\t\t\t<\/div>\n\t\t\t\t<\/div>\n\t\t<div class=\"elementor-element elementor-element-25fb8cb e-con-full e-flex e-con e-child\" data-id=\"25fb8cb\" data-element_type=\"container\" data-e-type=\"container\">\n\t\t\t\t<div class=\"elementor-element elementor-element-feb2d2d elementor-widget elementor-widget-video\" data-id=\"feb2d2d\" data-element_type=\"widget\" data-e-type=\"widget\" data-settings=\"{&quot;youtube_url&quot;:&quot;https:\\\/\\\/youtu.be\\\/73zp_SSgpeg?si=5tae_-WsRWNVKFUq&quot;,&quot;video_type&quot;:&quot;youtube&quot;,&quot;controls&quot;:&quot;yes&quot;}\" data-widget_type=\"video.default\">\n\t\t\t\t<div class=\"elementor-widget-container\">\n\t\t\t\t\t\t\t<div class=\"elementor-wrapper elementor-open-inline\">\n\t\t\t<div class=\"elementor-video\"><\/div>\t\t<\/div>\n\t\t\t\t\t\t<\/div>\n\t\t\t\t<\/div>\n\t\t\t\t<\/div>\n\t\t\t\t\t<\/div>\n\t\t\t\t<\/div>\n\t\t<div class=\"elementor-element elementor-element-d25dbad e-flex e-con-boxed e-con e-parent\" data-id=\"d25dbad\" data-element_type=\"container\" data-e-type=\"container\">\n\t\t\t\t\t<div class=\"e-con-inner\">\n\t\t\t\t\t<\/div>\n\t\t\t\t<\/div>\n\t\t<div class=\"elementor-element elementor-element-89afc3c e-flex e-con-boxed e-con e-parent\" data-id=\"89afc3c\" data-element_type=\"container\" data-e-type=\"container\">\n\t\t\t\t\t<div class=\"e-con-inner\">\n\t\t<div class=\"elementor-element elementor-element-88b1c4e e-con-full e-flex e-con e-child\" data-id=\"88b1c4e\" data-element_type=\"container\" data-e-type=\"container\">\n\t\t\t\t<div class=\"elementor-element elementor-element-4113a15 elementor-widget elementor-widget-video\" data-id=\"4113a15\" data-element_type=\"widget\" data-e-type=\"widget\" data-settings=\"{&quot;youtube_url&quot;:&quot;https:\\\/\\\/youtu.be\\\/zwzbtHh6gbQ?si=NHIoz3v5O9ae_Vz4&quot;,&quot;video_type&quot;:&quot;youtube&quot;,&quot;controls&quot;:&quot;yes&quot;}\" data-widget_type=\"video.default\">\n\t\t\t\t<div class=\"elementor-widget-container\">\n\t\t\t\t\t\t\t<div class=\"elementor-wrapper elementor-open-inline\">\n\t\t\t<div class=\"elementor-video\"><\/div>\t\t<\/div>\n\t\t\t\t\t\t<\/div>\n\t\t\t\t<\/div>\n\t\t\t\t<\/div>\n\t\t<div class=\"elementor-element elementor-element-4a40c6d e-con-full e-flex e-con e-child\" data-id=\"4a40c6d\" data-element_type=\"container\" data-e-type=\"container\">\n\t\t\t\t<div class=\"elementor-element elementor-element-83fef0d elementor-widget elementor-widget-video\" data-id=\"83fef0d\" data-element_type=\"widget\" data-e-type=\"widget\" data-settings=\"{&quot;youtube_url&quot;:&quot;https:\\\/\\\/youtu.be\\\/QzgIv25lO_8?si=CcaGuGYgIwfrTQQL&quot;,&quot;video_type&quot;:&quot;youtube&quot;,&quot;controls&quot;:&quot;yes&quot;}\" data-widget_type=\"video.default\">\n\t\t\t\t<div class=\"elementor-widget-container\">\n\t\t\t\t\t\t\t<div class=\"elementor-wrapper elementor-open-inline\">\n\t\t\t<div class=\"elementor-video\"><\/div>\t\t<\/div>\n\t\t\t\t\t\t<\/div>\n\t\t\t\t<\/div>\n\t\t\t\t<\/div>\n\t\t\t\t\t<\/div>\n\t\t\t\t<\/div>\n\t\t\t\t<\/div>","protected":false},"excerpt":{"rendered":"<p>Video DTH drilling rig \u2014 Water drilling rig \u2014 Core drilling rig \u2014<\/p>","protected":false},"author":3,"featured_media":0,"parent":0,"menu_order":0,"comment_status":"closed","ping_status":"closed","template":"elementor_header_footer","meta":{"nf_dc_page":"","om_disable_all_campaigns":false,"_monsterinsights_skip_tracking":false,"_monsterinsights_sitenote_active":false,"_monsterinsights_sitenote_note":"","_monsterinsights_sitenote_category":0,"_uf_show_specific_survey":0,"_uf_disable_surveys":false,"footnotes":""},"class_list":["post-14049","page","type-page","status-publish"],"aioseo_notices":[],"yoast_head":"<!-- This site is optimized with the Yoast SEO Premium plugin v21.9 (Yoast SEO v27.3) - https:\/\/yoast.com\/product\/yoast-seo-premium-wordpress\/ -->\n<title>Video - DTH Drill Rig, Water well drill rig, Core drill rig- RXME<\/title>\n<meta name=\"robots\" content=\"index, follow, max-snippet:-1, max-image-preview:large, max-video-preview:-1\" \/>\n<link rel=\"canonical\" href=\"https:\/\/rxdrillrig.com\/es\/video\/\" \/>\n<meta property=\"og:locale\" content=\"es_ES\" \/>\n<meta property=\"og:type\" content=\"article\" \/>\n<meta property=\"og:title\" content=\"Video\" \/>\n<meta property=\"og:description\" content=\"Video DTH drilling rig \u2014 Water drilling rig \u2014 Core drilling rig \u2014\" \/>\n<meta property=\"og:url\" content=\"https:\/\/rxdrillrig.com\/es\/video\/\" \/>\n<meta property=\"og:site_name\" content=\"DTH Drill Rig, Water well drill rig, Core drill rig- RXME\" \/>\n<meta property=\"article:modified_time\" content=\"2026-02-24T01:44:04+00:00\" \/>\n<meta name=\"twitter:card\" content=\"summary_large_image\" \/>\n<meta name=\"twitter:label1\" content=\"Tiempo de lectura\" \/>\n\t<meta name=\"twitter:data1\" content=\"1 minuto\" \/>\n<script type=\"application\/ld+json\" class=\"yoast-schema-graph\">{\"@context\":\"https:\\\/\\\/schema.org\",\"@graph\":[{\"@type\":\"WebPage\",\"@id\":\"https:\\\/\\\/rxdrillrig.com\\\/video\\\/\",\"url\":\"https:\\\/\\\/rxdrillrig.com\\\/video\\\/\",\"name\":\"Video - DTH Drill Rig, Water well drill rig, Core drill rig- RXME\",\"isPartOf\":{\"@id\":\"http:\\\/\\\/rxdrillrig.com\\\/#website\"},\"datePublished\":\"2026-02-24T01:21:49+00:00\",\"dateModified\":\"2026-02-24T01:44:04+00:00\",\"breadcrumb\":{\"@id\":\"https:\\\/\\\/rxdrillrig.com\\\/video\\\/#breadcrumb\"},\"inLanguage\":\"es\",\"potentialAction\":[{\"@type\":\"ReadAction\",\"target\":[\"https:\\\/\\\/rxdrillrig.com\\\/video\\\/\"]}]},{\"@type\":\"BreadcrumbList\",\"@id\":\"https:\\\/\\\/rxdrillrig.com\\\/video\\\/#breadcrumb\",\"itemListElement\":[{\"@type\":\"ListItem\",\"position\":1,\"name\":\"Home\",\"item\":\"https:\\\/\\\/rxdrillrig.com\\\/\"},{\"@type\":\"ListItem\",\"position\":2,\"name\":\"Video\"}]},{\"@type\":\"WebSite\",\"@id\":\"http:\\\/\\\/rxdrillrig.com\\\/#website\",\"url\":\"http:\\\/\\\/rxdrillrig.com\\\/\",\"name\":\"DTH Drill Rig, Water well drill rig, Core drill rig- RXME\",\"description\":\"\",\"publisher\":{\"@id\":\"http:\\\/\\\/rxdrillrig.com\\\/#organization\"},\"potentialAction\":[{\"@type\":\"SearchAction\",\"target\":{\"@type\":\"EntryPoint\",\"urlTemplate\":\"http:\\\/\\\/rxdrillrig.com\\\/?s={search_term_string}\"},\"query-input\":{\"@type\":\"PropertyValueSpecification\",\"valueRequired\":true,\"valueName\":\"search_term_string\"}}],\"inLanguage\":\"es\"},{\"@type\":\"Organization\",\"@id\":\"http:\\\/\\\/rxdrillrig.com\\\/#organization\",\"name\":\"RX EQUIPMENT CO.,LTD\",\"url\":\"http:\\\/\\\/rxdrillrig.com\\\/\",\"logo\":{\"@type\":\"ImageObject\",\"inLanguage\":\"es\",\"@id\":\"http:\\\/\\\/rxdrillrig.com\\\/#\\\/schema\\\/logo\\\/image\\\/\",\"url\":\"https:\\\/\\\/i0.wp.com\\\/rxdrillrig.com\\\/wp-content\\\/uploads\\\/2025\\\/07\\\/%E7%91%9E%E6%AC%A3logo-1.png?fit=1770%2C481&ssl=1\",\"contentUrl\":\"https:\\\/\\\/i0.wp.com\\\/rxdrillrig.com\\\/wp-content\\\/uploads\\\/2025\\\/07\\\/%E7%91%9E%E6%AC%A3logo-1.png?fit=1770%2C481&ssl=1\",\"width\":1770,\"height\":481,\"caption\":\"RX EQUIPMENT CO.,LTD\"},\"image\":{\"@id\":\"http:\\\/\\\/rxdrillrig.com\\\/#\\\/schema\\\/logo\\\/image\\\/\"}}]}<\/script>\n<!-- \/ Yoast SEO Premium plugin. -->","yoast_head_json":{"title":"Video - DTH Drill Rig, Water well drill rig, Core drill rig- RXME","robots":{"index":"index","follow":"follow","max-snippet":"max-snippet:-1","max-image-preview":"max-image-preview:large","max-video-preview":"max-video-preview:-1"},"canonical":"https:\/\/rxdrillrig.com\/es\/video\/","og_locale":"es_ES","og_type":"article","og_title":"Video","og_description":"Video DTH drilling rig \u2014 Water drilling rig \u2014 Core drilling rig \u2014","og_url":"https:\/\/rxdrillrig.com\/es\/video\/","og_site_name":"DTH Drill Rig, Water well drill rig, Core drill rig- RXME","article_modified_time":"2026-02-24T01:44:04+00:00","twitter_card":"summary_large_image","twitter_misc":{"Tiempo de lectura":"1 minuto"},"schema":{"@context":"https:\/\/schema.org","@graph":[{"@type":"WebPage","@id":"https:\/\/rxdrillrig.com\/video\/","url":"https:\/\/rxdrillrig.com\/video\/","name":"Video - DTH Drill Rig, Water well drill rig, Core drill rig- RXME","isPartOf":{"@id":"http:\/\/rxdrillrig.com\/#website"},"datePublished":"2026-02-24T01:21:49+00:00","dateModified":"2026-02-24T01:44:04+00:00","breadcrumb":{"@id":"https:\/\/rxdrillrig.com\/video\/#breadcrumb"},"inLanguage":"es","potentialAction":[{"@type":"ReadAction","target":["https:\/\/rxdrillrig.com\/video\/"]}]},{"@type":"BreadcrumbList","@id":"https:\/\/rxdrillrig.com\/video\/#breadcrumb","itemListElement":[{"@type":"ListItem","position":1,"name":"Home","item":"https:\/\/rxdrillrig.com\/"},{"@type":"ListItem","position":2,"name":"Video"}]},{"@type":"WebSite","@id":"http:\/\/rxdrillrig.com\/#website","url":"http:\/\/rxdrillrig.com\/","name":"M\u00e1quina perforadora DTH, M\u00e1quina perforadora para pozos de agua, Equipo de perforaci\u00f3n con corona de diamante - RXME","description":"","publisher":{"@id":"http:\/\/rxdrillrig.com\/#organization"},"potentialAction":[{"@type":"SearchAction","target":{"@type":"EntryPoint","urlTemplate":"http:\/\/rxdrillrig.com\/?s={search_term_string}"},"query-input":{"@type":"PropertyValueSpecification","valueRequired":true,"valueName":"search_term_string"}}],"inLanguage":"es"},{"@type":"Organization","@id":"http:\/\/rxdrillrig.com\/#organization","name":"RX EQUIPMENT CO.,LTD","url":"http:\/\/rxdrillrig.com\/","logo":{"@type":"ImageObject","inLanguage":"es","@id":"http:\/\/rxdrillrig.com\/#\/schema\/logo\/image\/","url":"https:\/\/i0.wp.com\/rxdrillrig.com\/wp-content\/uploads\/2025\/07\/%E7%91%9E%E6%AC%A3logo-1.png?fit=1770%2C481&ssl=1","contentUrl":"https:\/\/i0.wp.com\/rxdrillrig.com\/wp-content\/uploads\/2025\/07\/%E7%91%9E%E6%AC%A3logo-1.png?fit=1770%2C481&ssl=1","width":1770,"height":481,"caption":"RX EQUIPMENT CO.,LTD"},"image":{"@id":"http:\/\/rxdrillrig.com\/#\/schema\/logo\/image\/"}}]}},"jetpack_sharing_enabled":true,"_links":{"self":[{"href":"https:\/\/rxdrillrig.com\/es\/wp-json\/wp\/v2\/pages\/14049","targetHints":{"allow":["GET"]}}],"collection":[{"href":"https:\/\/rxdrillrig.com\/es\/wp-json\/wp\/v2\/pages"}],"about":[{"href":"https:\/\/rxdrillrig.com\/es\/wp-json\/wp\/v2\/types\/page"}],"author":[{"embeddable":true,"href":"https:\/\/rxdrillrig.com\/es\/wp-json\/wp\/v2\/users\/3"}],"replies":[{"embeddable":true,"href":"https:\/\/rxdrillrig.com\/es\/wp-json\/wp\/v2\/comments?post=14049"}],"version-history":[{"count":20,"href":"https:\/\/rxdrillrig.com\/es\/wp-json\/wp\/v2\/pages\/14049\/revisions"}],"predecessor-version":[{"id":14078,"href":"https:\/\/rxdrillrig.com\/es\/wp-json\/wp\/v2\/pages\/14049\/revisions\/14078"}],"wp:attachment":[{"href":"https:\/\/rxdrillrig.com\/es\/wp-json\/wp\/v2\/media?parent=14049"}],"curies":[{"name":"wp","href":"https:\/\/api.w.org\/{rel}","templated":true}]}}